{"id":928,"date":"2025-11-23T11:37:28","date_gmt":"2025-11-23T11:37:28","guid":{"rendered":"https:\/\/demo.scmdigital.vn\/geru\/?page_id=928"},"modified":"2025-11-23T15:23:01","modified_gmt":"2025-11-23T15:23:01","slug":"marketing","status":"publish","type":"page","link":"https:\/\/demo.scmdigital.vn\/geru\/marketing\/","title":{"rendered":"Marketing"},"content":{"rendered":"\t\t<div data-elementor-type=\"wp-page\" data-elementor-id=\"928\" class=\"elementor elementor-928\">\n\t\t\t\t<div class=\"elementor-element elementor-element-ef736cb e-flex e-con-boxed e-con e-parent\" data-id=\"ef736cb\" data-element_type=\"container\">\n\t\t\t\t\t<div class=\"e-con-inner\">\n\t\t<div class=\"elementor-element elementor-element-01f5b7f e-con-full e-flex e-con e-child\" data-id=\"01f5b7f\" data-element_type=\"container\">\n\t\t\t\t<div class=\"elementor-element elementor-element-9d4f2ea elementor-widget elementor-widget-heading\" data-id=\"9d4f2ea\" data-element_type=\"widget\" data-widget_type=\"heading.default\">\n\t\t\t\t<div class=\"elementor-widget-container\">\n\t\t\t\t\t<h2 class=\"elementor-heading-title elementor-size-default\">Marketing<\/h2>\t\t\t\t<\/div>\n\t\t\t\t<\/div>\n\t\t\t\t<div class=\"elementor-element elementor-element-df62a56 elementor-widget elementor-widget-text-editor\" data-id=\"df62a56\" data-element_type=\"widget\" data-widget_type=\"text-editor.default\">\n\t\t\t\t<div class=\"elementor-widget-container\">\n\t\t\t\t\t\t\t\t\t<p>Th\u00eam m\u1ed9t \u0111o\u1ea1n v\u0103n b\u1ea3n \u1edf \u0111\u00e2y. Nh\u1ea5p v\u00e0o \u00f4 v\u0103n b\u1ea3n \u0111\u1ec3 t\u00f9y ch\u1ec9nh n\u1ed9i dung, phong c\u00e1ch ph\u00f4ng ch\u1eef v\u00e0 m\u00e0u s\u1eafc c\u1ee7a \u0111o\u1ea1n v\u0103n c\u1ee7a b\u1ea1n.<\/p>\t\t\t\t\t\t\t\t<\/div>\n\t\t\t\t<\/div>\n\t\t\t\t<\/div>\n\t\t\t\t\t<\/div>\n\t\t\t\t<\/div>\n\t\t<div class=\"elementor-element elementor-element-449768e e-flex e-con-boxed e-con e-parent\" data-id=\"449768e\" data-element_type=\"container\">\n\t\t\t\t\t<div class=\"e-con-inner\">\n\t\t\t\t<div class=\"elementor-element elementor-element-51d73f2 elementor-widget elementor-widget-post-list\" data-id=\"51d73f2\" data-element_type=\"widget\" data-widget_type=\"post-list.default\">\n\t\t\t\t<div class=\"elementor-widget-container\">\n\t\t\t\t\t<div id=\"wpmagazine-modules-lite-post-list-block-51d73f2\" class=\"wpmagazine-modules-lite-post-list-block block-51d73f2 cvmm-block cvmm-block-post-list--layout-default\">    <div class=\"cvmm-post-wrapper cvmm-post--imagemargin column--one\">\r\n                        <article post-id=\"post-1048\" class=\"cvmm-post post-format--standard\" itemscope itemtype=\"http:\/\/schema.org\/articleBody\">\r\n                                                <div class=\"cvmm-post-thumb\">\r\n                                <a href=\"https:\/\/demo.scmdigital.vn\/geru\/tai-sao-xac-dinh-dung-doi-tuong-muc-tieu-la-chia-khoa-thanh-cong-cua-cac-chien-luoc-marketing\/\" target=\"_self\"><img decoding=\"async\" src=\"https:\/\/demo.scmdigital.vn\/geru\/wp-content\/uploads\/2025\/11\/target-audience-la-gi.jpeg\" alt=\"T\u1ea1i sao x\u00e1c \u0111\u1ecbnh \u0111\u00fang \u0111\u1ed1i t\u01b0\u1ee3ng m\u1ee5c ti\u00eau l\u00e0 ch\u00eca kho\u00e1 th\u00e0nh c\u00f4ng c\u1ee7a c\u00e1c chi\u1ebfn l\u01b0\u1ee3c Marketing\" title=\"Chu\u1ed7i Caf\u00e9 Amazon c\u1ee7a Th\u00e1i Lan r\u00fat kh\u1ecfi Vi\u1ec7t Nam sau 5 n\u0103m\"><\/a>\r\n                            <\/div>\r\n                    \r\n                <div class=\"cvmm-post-content-all-wrapper\">\r\n                                                <h2 class=\"cvmm-post-title\">\r\n                                <a href=\"https:\/\/demo.scmdigital.vn\/geru\/tai-sao-xac-dinh-dung-doi-tuong-muc-tieu-la-chia-khoa-thanh-cong-cua-cac-chien-luoc-marketing\/\" target=\"_self\">\r\n                                    T\u1ea1i sao x\u00e1c \u0111\u1ecbnh \u0111\u00fang \u0111\u1ed1i t\u01b0\u1ee3ng m\u1ee5c ti\u00eau l\u00e0 ch\u00eca kho\u00e1 th\u00e0nh c\u00f4ng c\u1ee7a c\u00e1c chi\u1ebfn l\u01b0\u1ee3c Marketing                                <\/a>\r\n                            <\/h2>\r\n                    \r\n                    <div class=\"cvmm-post-meta cvmm-meta-icon-hide\">\r\n                        <span class=\"cvmm-post-date cvmm-post-meta-item\" itemprop=\"datePublished\"><a href=\"https:\/\/demo.scmdigital.vn\/geru\/tai-sao-xac-dinh-dung-doi-tuong-muc-tieu-la-chia-khoa-thanh-cong-cua-cac-chien-luoc-marketing\/\" target=\"_self\">Th\u00e1ng m\u01b0\u1eddi m\u1ed9t 24, 2025<\/a><\/span>                    <\/div>\r\n                    <div class=\"cvmm-post-content\" itemprop=\"description\">\u0110\u1ed1i t\u01b0\u1ee3ng m\u1ee5c ti\u00eau (Target Audience) l\u00e0 kh\u00e1i ni\u1ec7m m\u00f4 t\u1ea3 nh\u1eefng ng\u01b0\u1eddi d\u00f9ng hay&hellip;<\/div>\r\n                <\/div><!-- .cvmm-post-content-all-wrapper --> \r\n            <\/article>\r\n                        <article post-id=\"post-1041\" class=\"cvmm-post post-format--standard\" itemscope itemtype=\"http:\/\/schema.org\/articleBody\">\r\n                                                <div class=\"cvmm-post-thumb\">\r\n                                <a href=\"https:\/\/demo.scmdigital.vn\/geru\/cuu-giam-doc-marketing-cua-pharmacity\/\" target=\"_self\"><img decoding=\"async\" src=\"https:\/\/demo.scmdigital.vn\/geru\/wp-content\/uploads\/2025\/11\/chien-luoc-marketing-2024.webp\" alt=\"C\u1ef1u Gi\u00e1m \u0111\u1ed1c Marketing c\u1ee7a Pharmacity: C\u00e1ch ph\u00e2n b\u1ed5 ng\u00e2n s\u00e1ch qu\u1ea3ng c\u00e1o \u0111\u1ec3 s\u1ebfp kh\u00f4ng \u0111\u1eadp b\u00e0n v\u00ec r\u1edbt s\u1ed1\" title=\"Chu\u1ed7i Caf\u00e9 Amazon c\u1ee7a Th\u00e1i Lan r\u00fat kh\u1ecfi Vi\u1ec7t Nam sau 5 n\u0103m\"><\/a>\r\n                            <\/div>\r\n                    \r\n                <div class=\"cvmm-post-content-all-wrapper\">\r\n                                                <h2 class=\"cvmm-post-title\">\r\n                                <a href=\"https:\/\/demo.scmdigital.vn\/geru\/cuu-giam-doc-marketing-cua-pharmacity\/\" target=\"_self\">\r\n                                    C\u1ef1u Gi\u00e1m \u0111\u1ed1c Marketing c\u1ee7a Pharmacity: C\u00e1ch ph\u00e2n b\u1ed5 ng\u00e2n s\u00e1ch qu\u1ea3ng c\u00e1o \u0111\u1ec3 s\u1ebfp kh\u00f4ng \u0111\u1eadp b\u00e0n v\u00ec r\u1edbt s\u1ed1                                <\/a>\r\n                            <\/h2>\r\n                    \r\n                    <div class=\"cvmm-post-meta cvmm-meta-icon-hide\">\r\n                        <span class=\"cvmm-post-date cvmm-post-meta-item\" itemprop=\"datePublished\"><a href=\"https:\/\/demo.scmdigital.vn\/geru\/cuu-giam-doc-marketing-cua-pharmacity\/\" target=\"_self\">Th\u00e1ng m\u01b0\u1eddi m\u1ed9t 24, 2025<\/a><\/span>                    <\/div>\r\n                    <div class=\"cvmm-post-content\" itemprop=\"description\">Theo c\u1ef1u Gi\u00e1m \u0111\u1ed1c Marketing Pharmacity, c\u00f3 3 y\u1ebfu t\u1ed1 \u1ea3nh h\u01b0\u1edfng \u0111\u1ebfn c\u00e1ch ph\u00e2n&hellip;<\/div>\r\n                <\/div><!-- .cvmm-post-content-all-wrapper --> \r\n            <\/article>\r\n                        <article post-id=\"post-905\" class=\"cvmm-post post-format--standard\" itemscope itemtype=\"http:\/\/schema.org\/articleBody\">\r\n                                                <div class=\"cvmm-post-thumb\">\r\n                                <a href=\"https:\/\/demo.scmdigital.vn\/geru\/chuoi-cafe-amazon-cua-thai-lan-rut-khoi-viet-nam-sau-5-nam\/\" target=\"_self\"><img decoding=\"async\" src=\"https:\/\/demo.scmdigital.vn\/geru\/wp-content\/uploads\/2025\/11\/Cafe-Amazon.webp\" alt=\"Chu\u1ed7i Caf\u00e9 Amazon c\u1ee7a Th\u00e1i Lan r\u00fat kh\u1ecfi Vi\u1ec7t Nam sau 5 n\u0103m\" title=\"Chu\u1ed7i Caf\u00e9 Amazon c\u1ee7a Th\u00e1i Lan r\u00fat kh\u1ecfi Vi\u1ec7t Nam sau 5 n\u0103m\"><\/a>\r\n                            <\/div>\r\n                    \r\n                <div class=\"cvmm-post-content-all-wrapper\">\r\n                                                <h2 class=\"cvmm-post-title\">\r\n                                <a href=\"https:\/\/demo.scmdigital.vn\/geru\/chuoi-cafe-amazon-cua-thai-lan-rut-khoi-viet-nam-sau-5-nam\/\" target=\"_self\">\r\n                                    Chu\u1ed7i Caf\u00e9 Amazon c\u1ee7a Th\u00e1i Lan r\u00fat kh\u1ecfi Vi\u1ec7t Nam sau 5 n\u0103m                                <\/a>\r\n                            <\/h2>\r\n                    \r\n                    <div class=\"cvmm-post-meta cvmm-meta-icon-hide\">\r\n                        <span class=\"cvmm-post-date cvmm-post-meta-item\" itemprop=\"datePublished\"><a href=\"https:\/\/demo.scmdigital.vn\/geru\/chuoi-cafe-amazon-cua-thai-lan-rut-khoi-viet-nam-sau-5-nam\/\" target=\"_self\">Th\u00e1ng m\u01b0\u1eddi m\u1ed9t 23, 2025<\/a><\/span>                    <\/div>\r\n                    <div class=\"cvmm-post-content\" itemprop=\"description\">Sau 5 n\u0103m th\u00e2m nh\u1eadp, Caf\u00e9 Amazon \u2013 chu\u1ed7i c\u00e0 ph\u00ea l\u1edbn nh\u1ea5t Th\u00e1i Lan&hellip;<\/div>\r\n                <\/div><!-- .cvmm-post-content-all-wrapper --> \r\n            <\/article>\r\n            <\/div><\/div><!-- #wpmagazine-modules-lite-post-list-block -->\t\t\t\t<\/div>\n\t\t\t\t<\/div>\n\t\t\t\t\t<\/div>\n\t\t\t\t<\/div>\n\t\t\t\t<\/div>\n\t\t","protected":false},"excerpt":{"rendered":"<p>Marketing Th\u00eam m\u1ed9t \u0111o\u1ea1n v\u0103n b\u1ea3n \u1edf \u0111\u00e2y. Nh\u1ea5p v\u00e0o \u00f4 v\u0103n b\u1ea3n \u0111\u1ec3 t\u00f9y ch\u1ec9nh n\u1ed9i dung, phong c\u00e1ch ph\u00f4ng ch\u1eef v\u00e0 m\u00e0u s\u1eafc c\u1ee7a \u0111o\u1ea1n v\u0103n c\u1ee7a b\u1ea1n. Chu\u1ed7i Caf\u00e9 Amazon c\u1ee7a Th\u00e1i Lan r\u00fat kh\u1ecfi Vi\u1ec7t Nam sau 5 n\u0103m Th\u00e1ng m\u01b0\u1eddi m\u1ed9t 23, 2025 Sau 5 n\u0103m th\u00e2m nh\u1eadp, Caf\u00e9 Amazon [&hellip;]<\/p>\n","protected":false},"author":1,"featured_media":0,"parent":0,"menu_order":0,"comment_status":"closed","ping_status":"closed","template":"","meta":{"site-sidebar-layout":"no-sidebar","site-content-layout":"page-builder","ast-site-content-layout":"full-width-container","site-content-style":"unboxed","site-sidebar-style":"unboxed","ast-global-header-display":"","ast-banner-title-visibility":"","ast-main-header-display":"","ast-hfb-above-header-display":"","ast-hfb-below-header-display":"","ast-hfb-mobile-header-display":"","site-post-title":"disabled","ast-breadcrumbs-content":"","ast-featured-img":"disabled","footer-sml-layout":"","theme-transparent-header-meta":"default","adv-header-id-meta":"","stick-header-meta":"","header-above-stick-meta":"","header-main-stick-meta":"","header-below-stick-meta":"","astra-migrate-meta-layouts":"set","ast-page-background-enabled":"default","ast-page-background-meta":{"desktop":{"background-color":"","background-image":"","background-repeat":"repeat","background-position":"center center","background-size":"auto","background-attachment":"scroll","background-type":"","background-media":"","overlay-type":"","overlay-color":"","overlay-opacity":"","overlay-gradient":""},"tablet":{"background-color":"","background-image":"","background-repeat":"repeat","background-position":"center center","background-size":"auto","background-attachment":"scroll","background-type":"","background-media":"","overlay-type":"","overlay-color":"","overlay-opacity":"","overlay-gradient":""},"mobile":{"background-color":"","background-image":"","background-repeat":"repeat","background-position":"center center","background-size":"auto","background-attachment":"scroll","background-type":"","background-media":"","overlay-type":"","overlay-color":"","overlay-opacity":"","overlay-gradient":""}},"ast-content-background-meta":{"desktop":{"background-color":"var(--ast-global-color-5)","background-image":"","background-repeat":"repeat","background-position":"center center","background-size":"auto","background-attachment":"scroll","background-type":"","background-media":"","overlay-type":"","overlay-color":"","overlay-opacity":"","overlay-gradient":""},"tablet":{"background-color":"var(--ast-global-color-5)","background-image":"","background-repeat":"repeat","background-position":"center center","background-size":"auto","background-attachment":"scroll","background-type":"","background-media":"","overlay-type":"","overlay-color":"","overlay-opacity":"","overlay-gradient":""},"mobile":{"background-color":"var(--ast-global-color-5)","background-image":"","background-repeat":"repeat","background-position":"center center","background-size":"auto","background-attachment":"scroll","background-type":"","background-media":"","overlay-type":"","overlay-color":"","overlay-opacity":"","overlay-gradient":""}},"footnotes":""},"class_list":["post-928","page","type-page","status-publish","hentry"],"wpmagazine_modules_lite_featured_media_urls":{"thumbnail":"","cvmm-medium":"","cvmm-medium-plus":"","cvmm-portrait":"","cvmm-medium-square":"","cvmm-large":"","cvmm-small":"","full":""},"categories_names":null,"comments_number":"0","_links":{"self":[{"href":"https:\/\/demo.scmdigital.vn\/geru\/wp-json\/wp\/v2\/pages\/928","targetHints":{"allow":["GET"]}}],"collection":[{"href":"https:\/\/demo.scmdigital.vn\/geru\/wp-json\/wp\/v2\/pages"}],"about":[{"href":"https:\/\/demo.scmdigital.vn\/geru\/wp-json\/wp\/v2\/types\/page"}],"author":[{"embeddable":true,"href":"https:\/\/demo.scmdigital.vn\/geru\/wp-json\/wp\/v2\/users\/1"}],"replies":[{"embeddable":true,"href":"https:\/\/demo.scmdigital.vn\/geru\/wp-json\/wp\/v2\/comments?post=928"}],"version-history":[{"count":13,"href":"https:\/\/demo.scmdigital.vn\/geru\/wp-json\/wp\/v2\/pages\/928\/revisions"}],"predecessor-version":[{"id":1033,"href":"https:\/\/demo.scmdigital.vn\/geru\/wp-json\/wp\/v2\/pages\/928\/revisions\/1033"}],"wp:attachment":[{"href":"https:\/\/demo.scmdigital.vn\/geru\/wp-json\/wp\/v2\/media?parent=928"}],"curies":[{"name":"wp","href":"https:\/\/api.w.org\/{rel}","templated":true}]}}