{"id":931,"date":"2025-11-23T11:40:02","date_gmt":"2025-11-23T11:40:02","guid":{"rendered":"https:\/\/demo.scmdigital.vn\/geru\/?page_id=931"},"modified":"2025-11-24T07:21:13","modified_gmt":"2025-11-24T07:21:13","slug":"digital","status":"publish","type":"page","link":"https:\/\/demo.scmdigital.vn\/geru\/digital\/","title":{"rendered":"Digital"},"content":{"rendered":"\t\t<div data-elementor-type=\"wp-page\" data-elementor-id=\"931\" class=\"elementor elementor-931\">\n\t\t\t\t<div class=\"elementor-element elementor-element-ef736cb e-flex e-con-boxed e-con e-parent\" data-id=\"ef736cb\" data-element_type=\"container\">\n\t\t\t\t\t<div class=\"e-con-inner\">\n\t\t<div class=\"elementor-element elementor-element-3de1f38 e-con-full e-flex e-con e-child\" data-id=\"3de1f38\" data-element_type=\"container\">\n\t\t\t\t<div class=\"elementor-element elementor-element-2df5c29 elementor-widget elementor-widget-heading\" data-id=\"2df5c29\" data-element_type=\"widget\" data-widget_type=\"heading.default\">\n\t\t\t\t<div class=\"elementor-widget-container\">\n\t\t\t\t\t<h2 class=\"elementor-heading-title elementor-size-default\">Digital<\/h2>\t\t\t\t<\/div>\n\t\t\t\t<\/div>\n\t\t\t\t<div class=\"elementor-element elementor-element-5bc83c9 elementor-widget elementor-widget-text-editor\" data-id=\"5bc83c9\" data-element_type=\"widget\" data-widget_type=\"text-editor.default\">\n\t\t\t\t<div class=\"elementor-widget-container\">\n\t\t\t\t\t\t\t\t\t<p>If you&#8217;d like to send us some feedback, lorem ipsum dolor sit amet, consectetur adipisicing eli sed do.*<\/p>\t\t\t\t\t\t\t\t<\/div>\n\t\t\t\t<\/div>\n\t\t\t\t<\/div>\n\t\t\t\t\t<\/div>\n\t\t\t\t<\/div>\n\t\t<div class=\"elementor-element elementor-element-449768e e-flex e-con-boxed e-con e-parent\" data-id=\"449768e\" data-element_type=\"container\">\n\t\t\t\t\t<div class=\"e-con-inner\">\n\t\t\t\t<div class=\"elementor-element elementor-element-51d73f2 elementor-widget elementor-widget-post-list\" data-id=\"51d73f2\" data-element_type=\"widget\" data-widget_type=\"post-list.default\">\n\t\t\t\t<div class=\"elementor-widget-container\">\n\t\t\t\t\t<div id=\"wpmagazine-modules-lite-post-list-block-51d73f2\" class=\"wpmagazine-modules-lite-post-list-block block-51d73f2 cvmm-block cvmm-block-post-list--layout-default\">    <div class=\"cvmm-post-wrapper cvmm-post--imagemargin column--one\">\r\n                        <article post-id=\"post-1052\" class=\"cvmm-post post-format--standard\" itemscope itemtype=\"http:\/\/schema.org\/articleBody\">\r\n                                                <div class=\"cvmm-post-thumb\">\r\n                                <a href=\"https:\/\/demo.scmdigital.vn\/geru\/doi-thu-google-analytics-goi-von-155-trieu-usd\/\" target=\"_self\"><img decoding=\"async\" src=\"https:\/\/demo.scmdigital.vn\/geru\/wp-content\/uploads\/2025\/11\/Oribi.webp\" alt=\"\u0110\u1ed1i th\u1ee7 Google Analytics g\u1ecdi v\u1ed1n 15,5 tri\u1ec7u USD\" title=\"AI &#039;c\u00e1ch m\u1ea1ng h\u00f3a&#039; digital marketing nh\u01b0 th\u1ebf n\u00e0o?\"><\/a>\r\n                            <\/div>\r\n                    \r\n                <div class=\"cvmm-post-content-all-wrapper\">\r\n                                                <h2 class=\"cvmm-post-title\">\r\n                                <a href=\"https:\/\/demo.scmdigital.vn\/geru\/doi-thu-google-analytics-goi-von-155-trieu-usd\/\" target=\"_self\">\r\n                                    \u0110\u1ed1i th\u1ee7 Google Analytics g\u1ecdi v\u1ed1n 15,5 tri\u1ec7u USD                                <\/a>\r\n                            <\/h2>\r\n                    \r\n                    <div class=\"cvmm-post-meta cvmm-meta-icon-hide\">\r\n                        <span class=\"cvmm-post-date cvmm-post-meta-item\" itemprop=\"datePublished\"><a href=\"https:\/\/demo.scmdigital.vn\/geru\/doi-thu-google-analytics-goi-von-155-trieu-usd\/\" target=\"_self\">Th\u00e1ng m\u01b0\u1eddi m\u1ed9t 24, 2025<\/a><\/span>                    <\/div>\r\n                    <div class=\"cvmm-post-content\" itemprop=\"description\">C\u00f4ng c\u1ee5 ph\u00e2n t\u00edch ti\u1ebfp th\u1ecb Oribi \u0111\u00e3 huy \u0111\u1ed9ng th\u00e0nh c\u00f4ng 15,5 tri\u1ec7u USD&hellip;<\/div>\r\n                <\/div><!-- .cvmm-post-content-all-wrapper --> \r\n            <\/article>\r\n                        <article post-id=\"post-1050\" class=\"cvmm-post post-format--standard\" itemscope itemtype=\"http:\/\/schema.org\/articleBody\">\r\n                                                <div class=\"cvmm-post-thumb\">\r\n                                <a href=\"https:\/\/demo.scmdigital.vn\/geru\/ai-cach-mang-hoa-digital-marketing-nhu-the-nao\/\" target=\"_self\"><img decoding=\"async\" src=\"https:\/\/demo.scmdigital.vn\/geru\/wp-content\/uploads\/2025\/11\/image001-4808-1706685040.webp\" alt=\"AI &#8216;c\u00e1ch m\u1ea1ng h\u00f3a&#8217; digital marketing nh\u01b0 th\u1ebf n\u00e0o?\" title=\"AI &#039;c\u00e1ch m\u1ea1ng h\u00f3a&#039; digital marketing nh\u01b0 th\u1ebf n\u00e0o?\"><\/a>\r\n                            <\/div>\r\n                    \r\n                <div class=\"cvmm-post-content-all-wrapper\">\r\n                                                <h2 class=\"cvmm-post-title\">\r\n                                <a href=\"https:\/\/demo.scmdigital.vn\/geru\/ai-cach-mang-hoa-digital-marketing-nhu-the-nao\/\" target=\"_self\">\r\n                                    AI &#8216;c\u00e1ch m\u1ea1ng h\u00f3a&#8217; digital marketing nh\u01b0 th\u1ebf n\u00e0o?                                <\/a>\r\n                            <\/h2>\r\n                    \r\n                    <div class=\"cvmm-post-meta cvmm-meta-icon-hide\">\r\n                        <span class=\"cvmm-post-date cvmm-post-meta-item\" itemprop=\"datePublished\"><a href=\"https:\/\/demo.scmdigital.vn\/geru\/ai-cach-mang-hoa-digital-marketing-nhu-the-nao\/\" target=\"_self\">Th\u00e1ng m\u01b0\u1eddi m\u1ed9t 24, 2025<\/a><\/span>                    <\/div>\r\n                    <div class=\"cvmm-post-content\" itemprop=\"description\">AI h\u1ed7 tr\u1ee3 ng\u00e0nh digital marketing t\u1ed1i \u01b0u h\u00f3a chi\u1ebfn l\u01b0\u1ee3c, s\u00e1ng t\u1ea1o n\u1ed9i dung&hellip;<\/div>\r\n                <\/div><!-- .cvmm-post-content-all-wrapper --> \r\n            <\/article>\r\n            <\/div><\/div><!-- #wpmagazine-modules-lite-post-list-block -->\t\t\t\t<\/div>\n\t\t\t\t<\/div>\n\t\t\t\t\t<\/div>\n\t\t\t\t<\/div>\n\t\t\t\t<\/div>\n\t\t","protected":false},"excerpt":{"rendered":"<p>Digital If you&#8217;d like to send us some feedback, lorem ipsum dolor sit amet, consectetur adipisicing eli sed do.* \u0110\u1ed1i th\u1ee7 Google Analytics g\u1ecdi v\u1ed1n 15,5 tri\u1ec7u USD Th\u00e1ng m\u01b0\u1eddi m\u1ed9t 24, 2025 C\u00f4ng c\u1ee5 ph\u00e2n t\u00edch ti\u1ebfp th\u1ecb Oribi \u0111\u00e3 huy \u0111\u1ed9ng th\u00e0nh c\u00f4ng 15,5 tri\u1ec7u USD&hellip; AI &#8216;c\u00e1ch m\u1ea1ng h\u00f3a&#8217; digital marketing nh\u01b0 [&hellip;]<\/p>\n","protected":false},"author":1,"featured_media":0,"parent":0,"menu_order":0,"comment_status":"closed","ping_status":"closed","template":"","meta":{"site-sidebar-layout":"no-sidebar","site-content-layout":"page-builder","ast-site-content-layout":"full-width-container","site-content-style":"unboxed","site-sidebar-style":"unboxed","ast-global-header-display":"","ast-banner-title-visibility":"","ast-main-header-display":"","ast-hfb-above-header-display":"","ast-hfb-below-header-display":"","ast-hfb-mobile-header-display":"","site-post-title":"disabled","ast-breadcrumbs-content":"","ast-featured-img":"disabled","footer-sml-layout":"","theme-transparent-header-meta":"default","adv-header-id-meta":"","stick-header-meta":"","header-above-stick-meta":"","header-main-stick-meta":"","header-below-stick-meta":"","astra-migrate-meta-layouts":"set","ast-page-background-enabled":"default","ast-page-background-meta":{"desktop":{"background-color":"","background-image":"","background-repeat":"repeat","background-position":"center center","background-size":"auto","background-attachment":"scroll","background-type":"","background-media":"","overlay-type":"","overlay-color":"","overlay-opacity":"","overlay-gradient":""},"tablet":{"background-color":"","background-image":"","background-repeat":"repeat","background-position":"center center","background-size":"auto","background-attachment":"scroll","background-type":"","background-media":"","overlay-type":"","overlay-color":"","overlay-opacity":"","overlay-gradient":""},"mobile":{"background-color":"","background-image":"","background-repeat":"repeat","background-position":"center center","background-size":"auto","background-attachment":"scroll","background-type":"","background-media":"","overlay-type":"","overlay-color":"","overlay-opacity":"","overlay-gradient":""}},"ast-content-background-meta":{"desktop":{"background-color":"var(--ast-global-color-5)","background-image":"","background-repeat":"repeat","background-position":"center center","background-size":"auto","background-attachment":"scroll","background-type":"","background-media":"","overlay-type":"","overlay-color":"","overlay-opacity":"","overlay-gradient":""},"tablet":{"background-color":"var(--ast-global-color-5)","background-image":"","background-repeat":"repeat","background-position":"center center","background-size":"auto","background-attachment":"scroll","background-type":"","background-media":"","overlay-type":"","overlay-color":"","overlay-opacity":"","overlay-gradient":""},"mobile":{"background-color":"var(--ast-global-color-5)","background-image":"","background-repeat":"repeat","background-position":"center center","background-size":"auto","background-attachment":"scroll","background-type":"","background-media":"","overlay-type":"","overlay-color":"","overlay-opacity":"","overlay-gradient":""}},"footnotes":""},"class_list":["post-931","page","type-page","status-publish","hentry"],"wpmagazine_modules_lite_featured_media_urls":{"thumbnail":"","cvmm-medium":"","cvmm-medium-plus":"","cvmm-portrait":"","cvmm-medium-square":"","cvmm-large":"","cvmm-small":"","full":""},"categories_names":null,"comments_number":"0","_links":{"self":[{"href":"https:\/\/demo.scmdigital.vn\/geru\/wp-json\/wp\/v2\/pages\/931","targetHints":{"allow":["GET"]}}],"collection":[{"href":"https:\/\/demo.scmdigital.vn\/geru\/wp-json\/wp\/v2\/pages"}],"about":[{"href":"https:\/\/demo.scmdigital.vn\/geru\/wp-json\/wp\/v2\/types\/page"}],"author":[{"embeddable":true,"href":"https:\/\/demo.scmdigital.vn\/geru\/wp-json\/wp\/v2\/users\/1"}],"replies":[{"embeddable":true,"href":"https:\/\/demo.scmdigital.vn\/geru\/wp-json\/wp\/v2\/comments?post=931"}],"version-history":[{"count":19,"href":"https:\/\/demo.scmdigital.vn\/geru\/wp-json\/wp\/v2\/pages\/931\/revisions"}],"predecessor-version":[{"id":1060,"href":"https:\/\/demo.scmdigital.vn\/geru\/wp-json\/wp\/v2\/pages\/931\/revisions\/1060"}],"wp:attachment":[{"href":"https:\/\/demo.scmdigital.vn\/geru\/wp-json\/wp\/v2\/media?parent=931"}],"curies":[{"name":"wp","href":"https:\/\/api.w.org\/{rel}","templated":true}]}}