{"id":933,"date":"2025-11-23T11:40:36","date_gmt":"2025-11-23T11:40:36","guid":{"rendered":"https:\/\/demo.scmdigital.vn\/geru\/?page_id=933"},"modified":"2025-11-24T07:22:20","modified_gmt":"2025-11-24T07:22:20","slug":"phan-mem","status":"publish","type":"page","link":"https:\/\/demo.scmdigital.vn\/geru\/phan-mem\/","title":{"rendered":"Ph\u1ea7n m\u1ec1m"},"content":{"rendered":"\t\t<div data-elementor-type=\"wp-page\" data-elementor-id=\"933\" class=\"elementor elementor-933\">\n\t\t\t\t<div class=\"elementor-element elementor-element-ef736cb e-flex e-con-boxed e-con e-parent\" data-id=\"ef736cb\" data-element_type=\"container\">\n\t\t\t\t\t<div class=\"e-con-inner\">\n\t\t<div class=\"elementor-element elementor-element-79bcb69 e-con-full e-flex e-con e-child\" data-id=\"79bcb69\" data-element_type=\"container\">\n\t\t\t\t<div class=\"elementor-element elementor-element-aa23c9c elementor-widget elementor-widget-heading\" data-id=\"aa23c9c\" data-element_type=\"widget\" data-widget_type=\"heading.default\">\n\t\t\t\t<div class=\"elementor-widget-container\">\n\t\t\t\t\t<h2 class=\"elementor-heading-title elementor-size-default\">Ph\u1ea7n m\u1ec1m<\/h2>\t\t\t\t<\/div>\n\t\t\t\t<\/div>\n\t\t\t\t<div class=\"elementor-element elementor-element-1de9718 elementor-widget elementor-widget-text-editor\" data-id=\"1de9718\" data-element_type=\"widget\" data-widget_type=\"text-editor.default\">\n\t\t\t\t<div class=\"elementor-widget-container\">\n\t\t\t\t\t\t\t\t\t<p>Th\u00eam m\u1ed9t \u0111o\u1ea1n v\u0103n b\u1ea3n \u1edf \u0111\u00e2y. Nh\u1ea5p v\u00e0o \u00f4 v\u0103n b\u1ea3n \u0111\u1ec3 t\u00f9y ch\u1ec9nh n\u1ed9i dung, phong c\u00e1ch ph\u00f4ng ch\u1eef v\u00e0 m\u00e0u s\u1eafc c\u1ee7a \u0111o\u1ea1n v\u0103n c\u1ee7a b\u1ea1n.<\/p>\t\t\t\t\t\t\t\t<\/div>\n\t\t\t\t<\/div>\n\t\t\t\t<\/div>\n\t\t\t\t\t<\/div>\n\t\t\t\t<\/div>\n\t\t<div class=\"elementor-element elementor-element-449768e e-flex e-con-boxed e-con e-parent\" data-id=\"449768e\" data-element_type=\"container\">\n\t\t\t\t\t<div class=\"e-con-inner\">\n\t\t\t\t<div class=\"elementor-element elementor-element-51d73f2 elementor-widget elementor-widget-post-list\" data-id=\"51d73f2\" data-element_type=\"widget\" data-widget_type=\"post-list.default\">\n\t\t\t\t<div class=\"elementor-widget-container\">\n\t\t\t\t\t<div id=\"wpmagazine-modules-lite-post-list-block-51d73f2\" class=\"wpmagazine-modules-lite-post-list-block block-51d73f2 cvmm-block cvmm-block-post-list--layout-default\">    <div class=\"cvmm-post-wrapper cvmm-post--imagemargin column--one\">\r\n                        <article post-id=\"post-1046\" class=\"cvmm-post post-format--standard\" itemscope itemtype=\"http:\/\/schema.org\/articleBody\">\r\n                                                <div class=\"cvmm-post-thumb\">\r\n                                <a href=\"https:\/\/demo.scmdigital.vn\/geru\/he-thong-tich-hop-dop-giup-xay-dung-doanh-nghiep-so-linh-hoat\/\" target=\"_self\"><img decoding=\"async\" src=\"https:\/\/demo.scmdigital.vn\/geru\/wp-content\/uploads\/2025\/11\/Cleeksky.webp\" alt=\"H\u1ec7 th\u1ed1ng t\u00edch h\u1ee3p DOP gi\u00fap x\u00e2y d\u1ef1ng doanh nghi\u1ec7p s\u1ed1 linh ho\u1ea1t\" title=\"Gi\u1ea3i ph\u00e1p b\u00e1n h\u00e0ng, xu\u1ea5t h\u00f3a \u0111\u01a1n, khai thu\u1ebf tr\u00ean m\u1ed9t ph\u1ea7n m\u1ec1m\"><\/a>\r\n                            <\/div>\r\n                    \r\n                <div class=\"cvmm-post-content-all-wrapper\">\r\n                                                <h2 class=\"cvmm-post-title\">\r\n                                <a href=\"https:\/\/demo.scmdigital.vn\/geru\/he-thong-tich-hop-dop-giup-xay-dung-doanh-nghiep-so-linh-hoat\/\" target=\"_self\">\r\n                                    H\u1ec7 th\u1ed1ng t\u00edch h\u1ee3p DOP gi\u00fap x\u00e2y d\u1ef1ng doanh nghi\u1ec7p s\u1ed1 linh ho\u1ea1t                                <\/a>\r\n                            <\/h2>\r\n                    \r\n                    <div class=\"cvmm-post-meta cvmm-meta-icon-hide\">\r\n                        <span class=\"cvmm-post-date cvmm-post-meta-item\" itemprop=\"datePublished\"><a href=\"https:\/\/demo.scmdigital.vn\/geru\/he-thong-tich-hop-dop-giup-xay-dung-doanh-nghiep-so-linh-hoat\/\" target=\"_self\">Th\u00e1ng m\u01b0\u1eddi m\u1ed9t 24, 2025<\/a><\/span>                    <\/div>\r\n                    <div class=\"cvmm-post-content\" itemprop=\"description\">Digital Operations Platform (DOP) gi\u00fap doanh nghi\u1ec7p k\u1ebft n\u1ed1i d\u1eef li\u1ec7u, quy tr\u00ecnh v\u00e0 AI&hellip;<\/div>\r\n                <\/div><!-- .cvmm-post-content-all-wrapper --> \r\n            <\/article>\r\n                        <article post-id=\"post-1044\" class=\"cvmm-post post-format--standard\" itemscope itemtype=\"http:\/\/schema.org\/articleBody\">\r\n                                                <div class=\"cvmm-post-thumb\">\r\n                                <a href=\"https:\/\/demo.scmdigital.vn\/geru\/giai-phap-ban-hang-xuat-hoa-don-khai-thue\/\" target=\"_self\"><img decoding=\"async\" src=\"https:\/\/demo.scmdigital.vn\/geru\/wp-content\/uploads\/2025\/11\/1-1751422796-1751422812-9606-1751423503.webp\" alt=\"Gi\u1ea3i ph\u00e1p b\u00e1n h\u00e0ng, xu\u1ea5t h\u00f3a \u0111\u01a1n, khai thu\u1ebf tr\u00ean m\u1ed9t ph\u1ea7n m\u1ec1m\" title=\"Gi\u1ea3i ph\u00e1p b\u00e1n h\u00e0ng, xu\u1ea5t h\u00f3a \u0111\u01a1n, khai thu\u1ebf tr\u00ean m\u1ed9t ph\u1ea7n m\u1ec1m\"><\/a>\r\n                            <\/div>\r\n                    \r\n                <div class=\"cvmm-post-content-all-wrapper\">\r\n                                                <h2 class=\"cvmm-post-title\">\r\n                                <a href=\"https:\/\/demo.scmdigital.vn\/geru\/giai-phap-ban-hang-xuat-hoa-don-khai-thue\/\" target=\"_self\">\r\n                                    Gi\u1ea3i ph\u00e1p b\u00e1n h\u00e0ng, xu\u1ea5t h\u00f3a \u0111\u01a1n, khai thu\u1ebf tr\u00ean m\u1ed9t ph\u1ea7n m\u1ec1m                                <\/a>\r\n                            <\/h2>\r\n                    \r\n                    <div class=\"cvmm-post-meta cvmm-meta-icon-hide\">\r\n                        <span class=\"cvmm-post-date cvmm-post-meta-item\" itemprop=\"datePublished\"><a href=\"https:\/\/demo.scmdigital.vn\/geru\/giai-phap-ban-hang-xuat-hoa-don-khai-thue\/\" target=\"_self\">Th\u00e1ng m\u01b0\u1eddi m\u1ed9t 24, 2025<\/a><\/span>                    <\/div>\r\n                    <div class=\"cvmm-post-content\" itemprop=\"description\">Misa cung c\u1ea5p ph\u1ea7n m\u1ec1m gi\u00fap h\u1ed9 kinh doanh qu\u1ea3n l\u00fd b\u00e1n h\u00e0ng, xu\u1ea5t h\u00f3a&hellip;<\/div>\r\n                <\/div><!-- .cvmm-post-content-all-wrapper --> \r\n            <\/article>\r\n            <\/div><\/div><!-- #wpmagazine-modules-lite-post-list-block -->\t\t\t\t<\/div>\n\t\t\t\t<\/div>\n\t\t\t\t\t<\/div>\n\t\t\t\t<\/div>\n\t\t\t\t<\/div>\n\t\t","protected":false},"excerpt":{"rendered":"<p>Ph\u1ea7n m\u1ec1m Th\u00eam m\u1ed9t \u0111o\u1ea1n v\u0103n b\u1ea3n \u1edf \u0111\u00e2y. Nh\u1ea5p v\u00e0o \u00f4 v\u0103n b\u1ea3n \u0111\u1ec3 t\u00f9y ch\u1ec9nh n\u1ed9i dung, phong c\u00e1ch ph\u00f4ng ch\u1eef v\u00e0 m\u00e0u s\u1eafc c\u1ee7a \u0111o\u1ea1n v\u0103n c\u1ee7a b\u1ea1n. H\u1ec7 th\u1ed1ng t\u00edch h\u1ee3p DOP gi\u00fap x\u00e2y d\u1ef1ng doanh nghi\u1ec7p s\u1ed1 linh ho\u1ea1t Th\u00e1ng m\u01b0\u1eddi m\u1ed9t 24, 2025 Digital Operations Platform (DOP) gi\u00fap doanh [&hellip;]<\/p>\n","protected":false},"author":1,"featured_media":0,"parent":0,"menu_order":0,"comment_status":"closed","ping_status":"closed","template":"","meta":{"site-sidebar-layout":"no-sidebar","site-content-layout":"page-builder","ast-site-content-layout":"full-width-container","site-content-style":"unboxed","site-sidebar-style":"unboxed","ast-global-header-display":"","ast-banner-title-visibility":"","ast-main-header-display":"","ast-hfb-above-header-display":"","ast-hfb-below-header-display":"","ast-hfb-mobile-header-display":"","site-post-title":"disabled","ast-breadcrumbs-content":"","ast-featured-img":"disabled","footer-sml-layout":"","theme-transparent-header-meta":"default","adv-header-id-meta":"","stick-header-meta":"","header-above-stick-meta":"","header-main-stick-meta":"","header-below-stick-meta":"","astra-migrate-meta-layouts":"set","ast-page-background-enabled":"default","ast-page-background-meta":{"desktop":{"background-color":"","background-image":"","background-repeat":"repeat","background-position":"center center","background-size":"auto","background-attachment":"scroll","background-type":"","background-media":"","overlay-type":"","overlay-color":"","overlay-opacity":"","overlay-gradient":""},"tablet":{"background-color":"","background-image":"","background-repeat":"repeat","background-position":"center center","background-size":"auto","background-attachment":"scroll","background-type":"","background-media":"","overlay-type":"","overlay-color":"","overlay-opacity":"","overlay-gradient":""},"mobile":{"background-color":"","background-image":"","background-repeat":"repeat","background-position":"center center","background-size":"auto","background-attachment":"scroll","background-type":"","background-media":"","overlay-type":"","overlay-color":"","overlay-opacity":"","overlay-gradient":""}},"ast-content-background-meta":{"desktop":{"background-color":"var(--ast-global-color-5)","background-image":"","background-repeat":"repeat","background-position":"center center","background-size":"auto","background-attachment":"scroll","background-type":"","background-media":"","overlay-type":"","overlay-color":"","overlay-opacity":"","overlay-gradient":""},"tablet":{"background-color":"var(--ast-global-color-5)","background-image":"","background-repeat":"repeat","background-position":"center center","background-size":"auto","background-attachment":"scroll","background-type":"","background-media":"","overlay-type":"","overlay-color":"","overlay-opacity":"","overlay-gradient":""},"mobile":{"background-color":"var(--ast-global-color-5)","background-image":"","background-repeat":"repeat","background-position":"center center","background-size":"auto","background-attachment":"scroll","background-type":"","background-media":"","overlay-type":"","overlay-color":"","overlay-opacity":"","overlay-gradient":""}},"footnotes":""},"class_list":["post-933","page","type-page","status-publish","hentry"],"wpmagazine_modules_lite_featured_media_urls":{"thumbnail":"","cvmm-medium":"","cvmm-medium-plus":"","cvmm-portrait":"","cvmm-medium-square":"","cvmm-large":"","cvmm-small":"","full":""},"categories_names":null,"comments_number":"0","_links":{"self":[{"href":"https:\/\/demo.scmdigital.vn\/geru\/wp-json\/wp\/v2\/pages\/933","targetHints":{"allow":["GET"]}}],"collection":[{"href":"https:\/\/demo.scmdigital.vn\/geru\/wp-json\/wp\/v2\/pages"}],"about":[{"href":"https:\/\/demo.scmdigital.vn\/geru\/wp-json\/wp\/v2\/types\/page"}],"author":[{"embeddable":true,"href":"https:\/\/demo.scmdigital.vn\/geru\/wp-json\/wp\/v2\/users\/1"}],"replies":[{"embeddable":true,"href":"https:\/\/demo.scmdigital.vn\/geru\/wp-json\/wp\/v2\/comments?post=933"}],"version-history":[{"count":19,"href":"https:\/\/demo.scmdigital.vn\/geru\/wp-json\/wp\/v2\/pages\/933\/revisions"}],"predecessor-version":[{"id":1063,"href":"https:\/\/demo.scmdigital.vn\/geru\/wp-json\/wp\/v2\/pages\/933\/revisions\/1063"}],"wp:attachment":[{"href":"https:\/\/demo.scmdigital.vn\/geru\/wp-json\/wp\/v2\/media?parent=933"}],"curies":[{"name":"wp","href":"https:\/\/api.w.org\/{rel}","templated":true}]}}