{"id":935,"date":"2025-11-23T11:41:03","date_gmt":"2025-11-23T11:41:03","guid":{"rendered":"https:\/\/demo.scmdigital.vn\/geru\/?page_id=935"},"modified":"2025-11-24T07:23:07","modified_gmt":"2025-11-24T07:23:07","slug":"cong-nghe","status":"publish","type":"page","link":"https:\/\/demo.scmdigital.vn\/geru\/cong-nghe\/","title":{"rendered":"C\u00f4ng ngh\u1ec7"},"content":{"rendered":"\t\t<div data-elementor-type=\"wp-page\" data-elementor-id=\"935\" class=\"elementor elementor-935\">\n\t\t\t\t<div class=\"elementor-element elementor-element-ef736cb e-flex e-con-boxed e-con e-parent\" data-id=\"ef736cb\" data-element_type=\"container\">\n\t\t\t\t\t<div class=\"e-con-inner\">\n\t\t<div class=\"elementor-element elementor-element-9530c96 e-con-full e-flex e-con e-child\" data-id=\"9530c96\" data-element_type=\"container\">\n\t\t\t\t<div class=\"elementor-element elementor-element-acbd714 elementor-widget elementor-widget-heading\" data-id=\"acbd714\" data-element_type=\"widget\" data-widget_type=\"heading.default\">\n\t\t\t\t<div class=\"elementor-widget-container\">\n\t\t\t\t\t<h2 class=\"elementor-heading-title elementor-size-default\">C\u00f4ng ngh\u1ec7<\/h2>\t\t\t\t<\/div>\n\t\t\t\t<\/div>\n\t\t\t\t<div class=\"elementor-element elementor-element-b8a6ef3 elementor-widget elementor-widget-text-editor\" data-id=\"b8a6ef3\" data-element_type=\"widget\" data-widget_type=\"text-editor.default\">\n\t\t\t\t<div class=\"elementor-widget-container\">\n\t\t\t\t\t\t\t\t\t<p>Th\u00eam m\u1ed9t \u0111o\u1ea1n v\u0103n b\u1ea3n \u1edf \u0111\u00e2y. Nh\u1ea5p v\u00e0o \u00f4 v\u0103n b\u1ea3n \u0111\u1ec3 t\u00f9y ch\u1ec9nh n\u1ed9i dung, phong c\u00e1ch ph\u00f4ng ch\u1eef v\u00e0 m\u00e0u s\u1eafc c\u1ee7a \u0111o\u1ea1n v\u0103n c\u1ee7a b\u1ea1n.<\/p>\t\t\t\t\t\t\t\t<\/div>\n\t\t\t\t<\/div>\n\t\t\t\t<\/div>\n\t\t\t\t\t<\/div>\n\t\t\t\t<\/div>\n\t\t<div class=\"elementor-element elementor-element-449768e e-flex e-con-boxed e-con e-parent\" data-id=\"449768e\" data-element_type=\"container\">\n\t\t\t\t\t<div class=\"e-con-inner\">\n\t\t\t\t<div class=\"elementor-element elementor-element-51d73f2 elementor-widget elementor-widget-post-list\" data-id=\"51d73f2\" data-element_type=\"widget\" data-widget_type=\"post-list.default\">\n\t\t\t\t<div class=\"elementor-widget-container\">\n\t\t\t\t\t<div id=\"wpmagazine-modules-lite-post-list-block-51d73f2\" class=\"wpmagazine-modules-lite-post-list-block block-51d73f2 cvmm-block cvmm-block-post-list--layout-default\">    <div class=\"cvmm-post-wrapper cvmm-post--imagemargin column--one\">\r\n                        <article post-id=\"post-1056\" class=\"cvmm-post post-format--standard\" itemscope itemtype=\"http:\/\/schema.org\/articleBody\">\r\n                                                <div class=\"cvmm-post-thumb\">\r\n                                <a href=\"https:\/\/demo.scmdigital.vn\/geru\/tao-chu-trong-anh-thach-thuc-cua-ai-vua-duoc-google-giai-quyet\/\" target=\"_self\"><img decoding=\"async\" src=\"https:\/\/demo.scmdigital.vn\/geru\/wp-content\/uploads\/2025\/11\/tao-chu-trong-anh.webp\" alt=\"T\u1ea1o ch\u1eef trong \u1ea3nh &#8211; th\u00e1ch th\u1ee9c c\u1ee7a AI v\u1eeba \u0111\u01b0\u1ee3c Google gi\u1ea3i quy\u1ebft\" title=\"AI c\u00f3 th\u1ec3 d\u1ef1 b\u00e1o m\u01b0a l\u0169, s\u1ea1t l\u1edf th\u1ebf n\u00e0o?\"><\/a>\r\n                            <\/div>\r\n                    \r\n                <div class=\"cvmm-post-content-all-wrapper\">\r\n                                                <h2 class=\"cvmm-post-title\">\r\n                                <a href=\"https:\/\/demo.scmdigital.vn\/geru\/tao-chu-trong-anh-thach-thuc-cua-ai-vua-duoc-google-giai-quyet\/\" target=\"_self\">\r\n                                    T\u1ea1o ch\u1eef trong \u1ea3nh &#8211; th\u00e1ch th\u1ee9c c\u1ee7a AI v\u1eeba \u0111\u01b0\u1ee3c Google gi\u1ea3i quy\u1ebft                                <\/a>\r\n                            <\/h2>\r\n                    \r\n                    <div class=\"cvmm-post-meta cvmm-meta-icon-hide\">\r\n                        <span class=\"cvmm-post-date cvmm-post-meta-item\" itemprop=\"datePublished\"><a href=\"https:\/\/demo.scmdigital.vn\/geru\/tao-chu-trong-anh-thach-thuc-cua-ai-vua-duoc-google-giai-quyet\/\" target=\"_self\">Th\u00e1ng m\u01b0\u1eddi m\u1ed9t 24, 2025<\/a><\/span>                    <\/div>\r\n                    <div class=\"cvmm-post-content\" itemprop=\"description\">Google ra m\u1eaft c\u00f4ng c\u1ee5 Nano Banana Pro n\u00e2ng c\u1ea5p kh\u1ea3 n\u0103ng t\u1ea1o ch\u1eef ch\u00ednh&hellip;<\/div>\r\n                <\/div><!-- .cvmm-post-content-all-wrapper --> \r\n            <\/article>\r\n                        <article post-id=\"post-1054\" class=\"cvmm-post post-format--standard\" itemscope itemtype=\"http:\/\/schema.org\/articleBody\">\r\n                                                <div class=\"cvmm-post-thumb\">\r\n                                <a href=\"https:\/\/demo.scmdigital.vn\/geru\/ai-co-the-du-bao-mua-lu-sat-lo-the-nao\/\" target=\"_self\"><img decoding=\"async\" src=\"https:\/\/demo.scmdigital.vn\/geru\/wp-content\/uploads\/2025\/11\/an-toan-mua-lu.webp\" alt=\"AI c\u00f3 th\u1ec3 d\u1ef1 b\u00e1o m\u01b0a l\u0169, s\u1ea1t l\u1edf th\u1ebf n\u00e0o?\" title=\"AI c\u00f3 th\u1ec3 d\u1ef1 b\u00e1o m\u01b0a l\u0169, s\u1ea1t l\u1edf th\u1ebf n\u00e0o?\"><\/a>\r\n                            <\/div>\r\n                    \r\n                <div class=\"cvmm-post-content-all-wrapper\">\r\n                                                <h2 class=\"cvmm-post-title\">\r\n                                <a href=\"https:\/\/demo.scmdigital.vn\/geru\/ai-co-the-du-bao-mua-lu-sat-lo-the-nao\/\" target=\"_self\">\r\n                                    AI c\u00f3 th\u1ec3 d\u1ef1 b\u00e1o m\u01b0a l\u0169, s\u1ea1t l\u1edf th\u1ebf n\u00e0o?                                <\/a>\r\n                            <\/h2>\r\n                    \r\n                    <div class=\"cvmm-post-meta cvmm-meta-icon-hide\">\r\n                        <span class=\"cvmm-post-date cvmm-post-meta-item\" itemprop=\"datePublished\"><a href=\"https:\/\/demo.scmdigital.vn\/geru\/ai-co-the-du-bao-mua-lu-sat-lo-the-nao\/\" target=\"_self\">Th\u00e1ng m\u01b0\u1eddi m\u1ed9t 24, 2025<\/a><\/span>                    <\/div>\r\n                    <div class=\"cvmm-post-content\" itemprop=\"description\">Nh\u00f3m k\u1ef9 s\u01b0 c\u1ee7a FPT ph\u00e1t tri\u1ec3n m\u00f4 h\u00ecnh AI c\u00f3 th\u1ec3 ph\u00e2n t\u00edch d\u1eef&hellip;<\/div>\r\n                <\/div><!-- .cvmm-post-content-all-wrapper --> \r\n            <\/article>\r\n            <\/div><\/div><!-- #wpmagazine-modules-lite-post-list-block -->\t\t\t\t<\/div>\n\t\t\t\t<\/div>\n\t\t\t\t\t<\/div>\n\t\t\t\t<\/div>\n\t\t\t\t<\/div>\n\t\t","protected":false},"excerpt":{"rendered":"<p>C\u00f4ng ngh\u1ec7 Th\u00eam m\u1ed9t \u0111o\u1ea1n v\u0103n b\u1ea3n \u1edf \u0111\u00e2y. Nh\u1ea5p v\u00e0o \u00f4 v\u0103n b\u1ea3n \u0111\u1ec3 t\u00f9y ch\u1ec9nh n\u1ed9i dung, phong c\u00e1ch ph\u00f4ng ch\u1eef v\u00e0 m\u00e0u s\u1eafc c\u1ee7a \u0111o\u1ea1n v\u0103n c\u1ee7a b\u1ea1n. T\u1ea1o ch\u1eef trong \u1ea3nh &#8211; th\u00e1ch th\u1ee9c c\u1ee7a AI v\u1eeba \u0111\u01b0\u1ee3c Google gi\u1ea3i quy\u1ebft Th\u00e1ng m\u01b0\u1eddi m\u1ed9t 24, 2025 Google ra m\u1eaft c\u00f4ng c\u1ee5 [&hellip;]<\/p>\n","protected":false},"author":1,"featured_media":0,"parent":0,"menu_order":0,"comment_status":"closed","ping_status":"closed","template":"","meta":{"site-sidebar-layout":"no-sidebar","site-content-layout":"page-builder","ast-site-content-layout":"full-width-container","site-content-style":"unboxed","site-sidebar-style":"unboxed","ast-global-header-display":"","ast-banner-title-visibility":"","ast-main-header-display":"","ast-hfb-above-header-display":"","ast-hfb-below-header-display":"","ast-hfb-mobile-header-display":"","site-post-title":"disabled","ast-breadcrumbs-content":"","ast-featured-img":"disabled","footer-sml-layout":"","theme-transparent-header-meta":"default","adv-header-id-meta":"","stick-header-meta":"","header-above-stick-meta":"","header-main-stick-meta":"","header-below-stick-meta":"","astra-migrate-meta-layouts":"set","ast-page-background-enabled":"default","ast-page-background-meta":{"desktop":{"background-color":"","background-image":"","background-repeat":"repeat","background-position":"center center","background-size":"auto","background-attachment":"scroll","background-type":"","background-media":"","overlay-type":"","overlay-color":"","overlay-opacity":"","overlay-gradient":""},"tablet":{"background-color":"","background-image":"","background-repeat":"repeat","background-position":"center center","background-size":"auto","background-attachment":"scroll","background-type":"","background-media":"","overlay-type":"","overlay-color":"","overlay-opacity":"","overlay-gradient":""},"mobile":{"background-color":"","background-image":"","background-repeat":"repeat","background-position":"center center","background-size":"auto","background-attachment":"scroll","background-type":"","background-media":"","overlay-type":"","overlay-color":"","overlay-opacity":"","overlay-gradient":""}},"ast-content-background-meta":{"desktop":{"background-color":"var(--ast-global-color-5)","background-image":"","background-repeat":"repeat","background-position":"center center","background-size":"auto","background-attachment":"scroll","background-type":"","background-media":"","overlay-type":"","overlay-color":"","overlay-opacity":"","overlay-gradient":""},"tablet":{"background-color":"var(--ast-global-color-5)","background-image":"","background-repeat":"repeat","background-position":"center center","background-size":"auto","background-attachment":"scroll","background-type":"","background-media":"","overlay-type":"","overlay-color":"","overlay-opacity":"","overlay-gradient":""},"mobile":{"background-color":"var(--ast-global-color-5)","background-image":"","background-repeat":"repeat","background-position":"center center","background-size":"auto","background-attachment":"scroll","background-type":"","background-media":"","overlay-type":"","overlay-color":"","overlay-opacity":"","overlay-gradient":""}},"footnotes":""},"class_list":["post-935","page","type-page","status-publish","hentry"],"wpmagazine_modules_lite_featured_media_urls":{"thumbnail":"","cvmm-medium":"","cvmm-medium-plus":"","cvmm-portrait":"","cvmm-medium-square":"","cvmm-large":"","cvmm-small":"","full":""},"categories_names":null,"comments_number":"0","_links":{"self":[{"href":"https:\/\/demo.scmdigital.vn\/geru\/wp-json\/wp\/v2\/pages\/935","targetHints":{"allow":["GET"]}}],"collection":[{"href":"https:\/\/demo.scmdigital.vn\/geru\/wp-json\/wp\/v2\/pages"}],"about":[{"href":"https:\/\/demo.scmdigital.vn\/geru\/wp-json\/wp\/v2\/types\/page"}],"author":[{"embeddable":true,"href":"https:\/\/demo.scmdigital.vn\/geru\/wp-json\/wp\/v2\/users\/1"}],"replies":[{"embeddable":true,"href":"https:\/\/demo.scmdigital.vn\/geru\/wp-json\/wp\/v2\/comments?post=935"}],"version-history":[{"count":19,"href":"https:\/\/demo.scmdigital.vn\/geru\/wp-json\/wp\/v2\/pages\/935\/revisions"}],"predecessor-version":[{"id":1066,"href":"https:\/\/demo.scmdigital.vn\/geru\/wp-json\/wp\/v2\/pages\/935\/revisions\/1066"}],"wp:attachment":[{"href":"https:\/\/demo.scmdigital.vn\/geru\/wp-json\/wp\/v2\/media?parent=935"}],"curies":[{"name":"wp","href":"https:\/\/api.w.org\/{rel}","templated":true}]}}